{"id":12,"date":"2022-11-19T23:07:41","date_gmt":"2022-11-19T23:07:41","guid":{"rendered":"http:\/\/bvrxzrr.cluster029.hosting.ovh.net\/?page_id=12"},"modified":"2026-01-24T19:44:06","modified_gmt":"2026-01-24T19:44:06","slug":"strona-glowna","status":"publish","type":"page","link":"https:\/\/meblemi.com\/","title":{"rendered":"Strona g\u0142\u00f3wna"},"content":{"rendered":"\n<div class=\"wp-block-cover alignfull is-light hestia-clear-top-padding\"><span aria-hidden=\"true\" class=\"wp-block-cover__background has-white-background-color has-background-dim-100 has-background-dim\"><\/span><div class=\"wp-block-cover__inner-container is-layout-flow wp-block-cover-is-layout-flow\">\n<h2 class=\"wp-block-heading has-text-align-center has-text-color\" style=\"color:#3c4858\">meblemi.pl<\/h2>\n\n\n\n<div class=\"wp-block-columns container is-layout-flex wp-container-core-columns-is-layout-9d6595d7 wp-block-columns-is-layout-flex\">\n<div class=\"wp-block-column is-layout-flow wp-block-column-is-layout-flow\">\n<h5 class=\"wp-block-heading has-text-align-center has-text-color\" style=\"color:#3c4858;font-size:18px\">Oferta<\/h5>\n\n\n\n<p class=\"has-text-align-center has-black-color has-text-color\" style=\"font-size:14px\">Oferujemy atrakcyjne ceny, kt\u00f3re id\u0105 w parze z wysok\u0105 jako\u015bci\u0105 wykonania. Dzi\u0119ki sprawdzonym procesom i do\u015bwiadczeniu zapewniamy uczciwy stosunek ceny do warto\u015bci.<\/p>\n\n\n\n<div style=\"height:25px\" aria-hidden=\"true\" class=\"wp-block-spacer\"><\/div>\n<\/div>\n\n\n\n<div class=\"wp-block-column is-layout-flow wp-block-column-is-layout-flow\">\n<h5 class=\"wp-block-heading has-text-align-center has-text-color\" style=\"color:#3c4858;font-size:18px\">Jako\u015b\u0107<\/h5>\n\n\n\n<p class=\"has-text-align-center has-black-color has-text-color has-link-color wp-elements-9219bab36794903548b60f376aee43c9\" style=\"font-size:14px\">Stawiamy na najwy\u017csz\u0105 jako\u015b\u0107 materia\u0142\u00f3w i precyzyjne wykonanie. Tworzymy meble trwa\u0142e, estetyczne i niezawodne przez lata.<\/p>\n\n\n\n<p class=\"has-text-align-center has-black-color has-text-color has-link-color wp-elements-129e16d51a905625418d96fd15cae1f4\" style=\"font-size:14px\"><\/p>\n\n\n\n<div style=\"height:25px\" aria-hidden=\"true\" class=\"wp-block-spacer\"><\/div>\n<\/div>\n\n\n\n<div class=\"wp-block-column is-layout-flow wp-block-column-is-layout-flow\">\n<h5 class=\"wp-block-heading has-text-align-center has-text-color\" style=\"color:#3c4858;font-size:18px\">Pomoc<\/h5>\n\n\n\n<p class=\"has-text-align-center has-black-color has-text-color\" style=\"font-size:14px\">Zapewniamy pe\u0142ne wsparcie na ka\u017cdym etapie wsp\u00f3\u0142pracy \u2013 od doradztwa po realizacj\u0119. Jeste\u015bmy zawsze do dyspozycji klienta i szybko reagujemy na potrzeby oraz pytania.<\/p>\n\n\n\n<div style=\"height:25px\" aria-hidden=\"true\" class=\"wp-block-spacer\"><\/div>\n<\/div>\n<\/div>\n<\/div><\/div>\n\n\n\n<div class=\"wp-block-columns container is-layout-flex wp-container-core-columns-is-layout-9d6595d7 wp-block-columns-is-layout-flex\">\n<div class=\"wp-block-column is-layout-flow wp-block-column-is-layout-flow\">\n<p><\/p>\n<p><\/p>\n<p style=\"text-align: center;\">Od ponad 10 lat zajmujemy si\u0119 projektowaniem i produkcj\u0105 mebli na wymiar na terenie Szczecina i okolic, \u0142\u0105cz\u0105c solidne rzemios\u0142o z nowoczesnym designem. Tworzymy funkcjonalne meble do kuchni, salon\u00f3w, biur oraz innych wn\u0119trz, dopasowane do indywidualnych potrzeb klient\u00f3w. Oferujemy r\u00f3wnie\u017c sk\u0142adanie mebli modu\u0142owych oraz wymian\u0119 blat\u00f3w i front\u00f3w meblowych, co pozwala szybko i skutecznie od\u015bwie\u017cy\u0107 istniej\u0105c\u0105 zabudow\u0119. Dbamy o wysok\u0105 jako\u015b\u0107 materia\u0142\u00f3w, precyzyjne wykonanie i trwa\u0142o\u015b\u0107, dzi\u0119ki czemu nasze meble s\u0142u\u017c\u0105 latami i nadaj\u0105 wn\u0119trzom charakter.<\/p>\n<\/div>\n<\/div>\n","protected":false},"excerpt":{"rendered":"<p>Od ponad 10 lat zajmujemy si\u0119 projektowaniem i produkcj\u0105 mebli na wymiar na terenie Szczecina i okolic, \u0142\u0105cz\u0105c solidne rzemios\u0142o z nowoczesnym designem. Tworzymy funkcjonalne meble do kuchni, salon\u00f3w, biur oraz innych wn\u0119trz, dopasowane do indywidualnych potrzeb klient\u00f3w. Oferujemy r\u00f3wnie\u017c sk\u0142adanie mebli modu\u0142owych oraz wymian\u0119 blat\u00f3w i front\u00f3w meblowych, co [&hellip;]<\/p>\n","protected":false},"author":1,"featured_media":992,"parent":0,"menu_order":0,"comment_status":"closed","ping_status":"closed","template":"","meta":{"_monsterinsights_skip_tracking":false,"_monsterinsights_sitenote_active":false,"_monsterinsights_sitenote_note":"","_monsterinsights_sitenote_category":0,"footnotes":""},"class_list":["post-12","page","type-page","status-publish","has-post-thumbnail","hentry"],"_links":{"self":[{"href":"https:\/\/meblemi.com\/index.php\/wp-json\/wp\/v2\/pages\/12","targetHints":{"allow":["GET"]}}],"collection":[{"href":"https:\/\/meblemi.com\/index.php\/wp-json\/wp\/v2\/pages"}],"about":[{"href":"https:\/\/meblemi.com\/index.php\/wp-json\/wp\/v2\/types\/page"}],"author":[{"embeddable":true,"href":"https:\/\/meblemi.com\/index.php\/wp-json\/wp\/v2\/users\/1"}],"replies":[{"embeddable":true,"href":"https:\/\/meblemi.com\/index.php\/wp-json\/wp\/v2\/comments?post=12"}],"version-history":[{"count":31,"href":"https:\/\/meblemi.com\/index.php\/wp-json\/wp\/v2\/pages\/12\/revisions"}],"predecessor-version":[{"id":1275,"href":"https:\/\/meblemi.com\/index.php\/wp-json\/wp\/v2\/pages\/12\/revisions\/1275"}],"wp:featuredmedia":[{"embeddable":true,"href":"https:\/\/meblemi.com\/index.php\/wp-json\/wp\/v2\/media\/992"}],"wp:attachment":[{"href":"https:\/\/meblemi.com\/index.php\/wp-json\/wp\/v2\/media?parent=12"}],"curies":[{"name":"wp","href":"https:\/\/api.w.org\/{rel}","templated":true}]}}